{"id":16,"date":"2020-11-25T16:08:34","date_gmt":"2020-11-25T16:08:34","guid":{"rendered":"https:\/\/colortech.biz\/?page_id=16"},"modified":"2022-10-08T07:01:40","modified_gmt":"2022-10-08T07:01:40","slug":"chi-siamo","status":"publish","type":"page","link":"https:\/\/www.colortech.biz\/it\/chi-siamo\/","title":{"rendered":"chi siamo"},"content":{"rendered":"\n\t<section class=\"section\" id=\"section_776366232\">\n\t\t<div class=\"section-bg fill\" >\n\t\t\t\t\t\t\t\t\t\n\t\t\t\n\n\t\t<\/div>\n\n\t\t\n\n\t\t<div class=\"section-content relative\">\n\t\t\t\n\t<div class=\"img has-hover x md-x lg-x y md-y lg-y\" id=\"image_1776443614\">\n\t\t\t\t\t\t\t\t<div class=\"img-inner image-cover dark\" style=\"padding-top:750px;\">\n\t\t\t<img loading=\"lazy\" decoding=\"async\" width=\"1020\" height=\"828\" src=\"https:\/\/www.colortech.biz\/wp-content\/uploads\/2020\/12\/fascia_alto-1024x831.jpeg\" class=\"attachment-large size-large\" alt=\"\" srcset=\"https:\/\/www.colortech.biz\/wp-content\/uploads\/2020\/12\/fascia_alto-1024x831.jpeg 1024w, https:\/\/www.colortech.biz\/wp-content\/uploads\/2020\/12\/fascia_alto-300x243.jpeg 300w, https:\/\/www.colortech.biz\/wp-content\/uploads\/2020\/12\/fascia_alto-768x623.jpeg 768w, https:\/\/www.colortech.biz\/wp-content\/uploads\/2020\/12\/fascia_alto-1536x1246.jpeg 1536w, https:\/\/www.colortech.biz\/wp-content\/uploads\/2020\/12\/fascia_alto.jpeg 1893w\" sizes=\"auto, (max-width: 1020px) 100vw, 1020px\" \/>\t\t\t\t\t\t\n\t\t\t\t\t<\/div>\n\t\t\t\t\t\t\t\t\n<style>\n#image_1776443614 {\n  width: 100%;\n}\n@media (min-width:550px) {\n  #image_1776443614 {\n    width: 100%;\n  }\n}\n<\/style>\n\t<\/div>\n\t\n\t<div id=\"gap-1919762343\" class=\"gap-element clearfix\" style=\"display:block; height:auto;\">\n\t\t\n<style>\n#gap-1919762343 {\n  padding-top: 80px;\n}\n<\/style>\n\t<\/div>\n\t\n\t\t<\/div>\n\n\t\t\n<style>\n#section_776366232 {\n  padding-top: 0px;\n  padding-bottom: 0px;\n  min-height: 750px;\n}\n<\/style>\n\t<\/section>\n\t\n\n\t<section class=\"section\" id=\"section_503765536\">\n\t\t<div class=\"section-bg fill\" >\n\t\t\t\t\t\t\t\t\t\n\t\t\t\n\t<div class=\"is-border\"\n\t\tstyle=\"border-color:rgb(238, 238, 238);border-width:1px 1px 1px 1px;\">\n\t<\/div>\n\n\t\t<\/div>\n\n\t\t\n\n\t\t<div class=\"section-content relative\">\n\t\t\t\n<div class=\"row row-collapse\"  id=\"row-1253270632\">\n\n\t<div id=\"col-1178944414\" class=\"col small-12 large-12\"  >\n\t\t\t\t<div class=\"col-inner\"  >\n\t\t\t\n\t\t\t\n<h2 class=\"presentation-two-name col-ms-12_marg50\" style=\"text-align: center; margin-bottom: 0px;\">L&#8217;Azienda<\/h2>\n<div class=\"text-center\"><div class=\"is-divider divider clearfix\" style=\"margin-top:8px;margin-bottom:8px;max-width:170px;height:2px;\"><\/div><\/div>\n\t\t<\/div>\n\t\t\t\t\t<\/div>\n\n\t\n\n\t<div id=\"col-581918242\" class=\"col small-12 large-12\"  >\n\t\t\t\t<div class=\"col-inner\"  >\n\t\t\t\n\t\t\t\n<p style=\"margin-top: 50px;\"><span class=\"s1\">Color Tech \u00e8 un\u2019azienda specializzata nella produzione di <strong>compound e masterbatch<\/strong> che da pi\u00f9 di vent\u2019anni, sotto la guida di Marco Montagner e dei figli Mauro e Andrea, risponde alle esigenze dei propri clienti con un servizio sempre personalizzato e flessibile.\u00a0<\/span><\/p>\n<p class=\"p2\"><span class=\"s1\">L\u2019azienda nasce nel 1997 e si inserisce nel mercato delle materie plastiche sviluppando nel tempo grande esperienza nel campo del compound e della colorazione dei tecnopolimeri, specializzandosi nella produzione di compounds di ABS, SAN, ASA, PS, PC, leghe di PC\/ABS, PP e PMMA.<\/span><\/p>\n<p class=\"p2\"><span class=\"s1\">Negli anni, rispondendo alle esigenze dei propri clienti e collaborando con essi, Color Tech ha creato una vasta gamma di prodotti sviluppati per soddisfare al meglio le esigenze dei vari mercati. Continuando a mettere a disposizione il proprio know how, vengono studiati nuovi prodotti su misura per soddisfare al meglio le specifiche caratteristiche tecniche e colorimetriche richieste.<\/span><\/p>\n<p class=\"p2\"><span class=\"s1\">Nel 2005 per migliorare ulteriormente il servizio offerto alla clientela, l\u2019azienda crea una nuova divisione interamente dedicata alla produzione di masterbatches per la colorazione delle materie plastiche.<\/span><\/p>\n<p>Nel 2012, credendo nelle proprie capacit\u00e0 e continuando in un&#8217;ottica di crescita e di continui e mirati investimenti atti ad aumentare e migliorare la qualit\u00e0 e la produttivit\u00e0,\u00a0 Color Tech acquista e si trasferisce nell&#8217;attuale nuovo stabilimento che ha reso possibile l&#8217;installazione di nuovi impianti e laboratori.<\/p>\n<p><span class=\"s1\">N<\/span>el 2016 consolidando il proprio percorso di crescita e di sviluppo mirato a migliorare la qualit\u00e0 dei propri prodotti nel rispetto dell\u2019ambiente, Color Tech ottiene la certificazione del sistema di qualit\u00e0 ISO 9001 e ambiente ISO 14001.<\/p>\n<p>L&#8217;esperienza, la flessibilit\u00e0 e la cordialit\u00e0 del team che opera all&#8217;interno, permettono all&#8217;azienda di offrire e di garantire la massima qualit\u00e0, servizio e disponibilit\u00e0 alla propria clientela.<\/p>\n\t\t<\/div>\n\t\t\t\t\t<\/div>\n\n\t\n<\/div>\n\t\t<\/div>\n\n\t\t\n<style>\n#section_503765536 {\n  padding-top: 0px;\n  padding-bottom: 0px;\n  min-height: 647px;\n  background-color: rgb(251, 251, 251);\n}\n<\/style>\n\t<\/section>\n\t\n\n\t<section class=\"section\" id=\"section_219851793\">\n\t\t<div class=\"section-bg fill\" >\n\t\t\t\t\t\t\t\t\t\n\t\t\t\n\n\t\t<\/div>\n\n\t\t\n\n\t\t<div class=\"section-content relative\">\n\t\t\t\n<div class=\"row\"  id=\"row-247759220\">\n\n\t<div id=\"col-717636228\" class=\"col medium-6 small-12 large-6\"  >\n\t\t\t\t<div class=\"col-inner\"  >\n\t\t\t\n\t\t\t\n<h2 class=\"presentation-two-name col-ms-12_marg50\" style=\"margin-bottom: 0px; text-align: left;\">I Prodotti<\/h2>\n<div class=\"is-divider divider clearfix\" style=\"margin-top:8px;margin-bottom:8px;max-width:170px;height:2px;\"><\/div>\n<p style=\"margin-top: 50px;\">Le serie di\u00a0 prodotti offerti \u00a0comprendono una vasta gamma di compounds e masterbatches indicati per svariate applicazioni e settori come l\u2019elettrodomestico, il settore auto,\u00a0 il settore elettrico ed elettronico, l\u2019arredamento, il settore dei giocattoli e dei casalinghi, il settore alimentare e del packaging.<\/p>\n<p class=\"p1\"><span class=\"s1\">Tutti i prodotti sono sviluppati su specifica richiesta del cliente, colori a campione, RAL, PANTONE, NCS, effetti speciali, glitter, perlati, metallizzati e molti altri per diverse applicazioni come stampaggio, estrusione, soffiaggio e sono disponibili con diverse tipologie a seconda delle richieste.<\/span><\/p>\n<p class=\"p1\"><span class=\"s1\">Tutte le formulazioni sono conformi alla direttiva Rohs ed al Regolamento Reach e tutti gli standard delle diverse normative nazionali ed internazionali in ambito di conformit\u00e0 alimentari e giocattoli vengono sempre rigorosamente rispettate.<\/span><\/p>\n\t\t<\/div>\n\t\t\t\t\t<\/div>\n\n\t\n\n\t<div id=\"col-122616689\" class=\"col medium-6 small-12 large-6\"  >\n\t\t\t\t<div class=\"col-inner\"  >\n\t\t\t\n\t\t\t\n\t<div class=\"img has-hover x md-x lg-x y md-y lg-y\" id=\"image_750195411\">\n\t\t\t\t\t\t\t\t<div class=\"img-inner dark\" >\n\t\t\t<img loading=\"lazy\" decoding=\"async\" width=\"1020\" height=\"680\" src=\"https:\/\/www.colortech.biz\/wp-content\/uploads\/2020\/12\/prodotti-1024x683.jpeg\" class=\"attachment-large size-large\" alt=\"\" srcset=\"https:\/\/www.colortech.biz\/wp-content\/uploads\/2020\/12\/prodotti-1024x683.jpeg 1024w, https:\/\/www.colortech.biz\/wp-content\/uploads\/2020\/12\/prodotti-300x200.jpeg 300w, https:\/\/www.colortech.biz\/wp-content\/uploads\/2020\/12\/prodotti-768x512.jpeg 768w, https:\/\/www.colortech.biz\/wp-content\/uploads\/2020\/12\/prodotti-1536x1024.jpeg 1536w, https:\/\/www.colortech.biz\/wp-content\/uploads\/2020\/12\/prodotti.jpeg 1920w\" sizes=\"auto, (max-width: 1020px) 100vw, 1020px\" \/>\t\t\t\t\t\t\n\t\t\t\t\t<\/div>\n\t\t\t\t\t\t\t\t\n<style>\n#image_750195411 {\n  width: 100%;\n}\n<\/style>\n\t<\/div>\n\t\n\t\t<\/div>\n\t\t\t\t\t<\/div>\n\n\t\n<\/div>\n\t\t<\/div>\n\n\t\t\n<style>\n#section_219851793 {\n  padding-top: 0px;\n  padding-bottom: 0px;\n  min-height: 615px;\n}\n<\/style>\n\t<\/section>\n\t\n\n\t<section class=\"section\" id=\"section_1547086143\">\n\t\t<div class=\"section-bg fill\" >\n\t\t\t\t\t\t\t\t\t\n\t\t\t\n\t<div class=\"is-border\"\n\t\tstyle=\"border-color:rgb(238, 238, 238);border-width:1px 1px 1px 1px;\">\n\t<\/div>\n\n\t\t<\/div>\n\n\t\t\n\n\t\t<div class=\"section-content relative\">\n\t\t\t\n<div class=\"row\"  id=\"row-266828209\">\n\n\t<div id=\"col-390217434\" class=\"col medium-6 small-12 large-6\"  >\n\t\t\t\t<div class=\"col-inner\"  >\n\t\t\t\n\t\t\t\n\t<div class=\"img has-hover x md-x lg-x y md-y lg-y\" id=\"image_1954087961\">\n\t\t\t\t\t\t\t\t<div class=\"img-inner dark\" >\n\t\t\t<img loading=\"lazy\" decoding=\"async\" width=\"960\" height=\"624\" src=\"https:\/\/www.colortech.biz\/wp-content\/uploads\/2020\/12\/mission.jpeg\" class=\"attachment-large size-large\" alt=\"\" srcset=\"https:\/\/www.colortech.biz\/wp-content\/uploads\/2020\/12\/mission.jpeg 960w, https:\/\/www.colortech.biz\/wp-content\/uploads\/2020\/12\/mission-300x195.jpeg 300w, https:\/\/www.colortech.biz\/wp-content\/uploads\/2020\/12\/mission-768x499.jpeg 768w\" sizes=\"auto, (max-width: 960px) 100vw, 960px\" \/>\t\t\t\t\t\t\n\t\t\t\t\t<\/div>\n\t\t\t\t\t\t\t\t\n<style>\n#image_1954087961 {\n  width: 100%;\n}\n<\/style>\n\t<\/div>\n\t\n\t\t<\/div>\n\t\t\t\t\t<\/div>\n\n\t\n\n\t<div id=\"col-1441080592\" class=\"col medium-6 small-12 large-6\"  >\n\t\t\t\t<div class=\"col-inner\"  >\n\t\t\t\n\t\t\t\n<h2 class=\"presentation-two-name col-ms-12_marg50\" style=\"margin-bottom: 0px; text-align: left;\">Mission<\/h2>\n<div class=\"is-divider divider clearfix\" style=\"margin-top:8px;margin-bottom:8px;max-width:170px;height:2px;\"><\/div>\n<p style=\"margin-top: 50px;\"><span class=\"s1\">Color Tech si propone come partner affidabile per la propria clientela grazie ad una continua sperimentazione e miglioramento della gamma dei prodotti e servizi offerti, sempre nel rispetto delle normative vigenti in termini di qualit\u00e0, sicurezza e ambiente.<\/span><\/p>\n<p class=\"p2\"><span class=\"s1\">Per l\u2019azienda \u00e8 molto importante creare rapporti di collaborazione con la propria clientela, basati sulla fiducia e sulla trasparenza, mettendo a disposizione le conoscenze acquisite nel tempo e garantendo sempre competenza, professionalit\u00e0 e rispetto.<\/span><\/p>\n\t\t<\/div>\n\t\t\t\t\t<\/div>\n\n\t\n<\/div>\n\t\t<\/div>\n\n\t\t\n<style>\n#section_1547086143 {\n  padding-top: 0px;\n  padding-bottom: 0px;\n  min-height: 680px;\n  background-color: rgb(251, 251, 251);\n}\n<\/style>\n\t<\/section>\n\t\n\n\t<section class=\"section\" id=\"section_1673817044\">\n\t\t<div class=\"section-bg fill\" >\n\t\t\t\t\t\t\t\t\t\n\t\t\t\n\n\t\t<\/div>\n\n\t\t\n\n\t\t<div class=\"section-content relative\">\n\t\t\t\n<div class=\"row\"  id=\"row-941924548\">\n\n\t<div id=\"col-370737095\" class=\"col medium-6 small-12 large-6\"  >\n\t\t\t\t<div class=\"col-inner\"  >\n\t\t\t\n\t\t\t\n<h2 class=\"presentation-two-name col-ms-12_marg50\" style=\"margin-bottom: 0px; text-align: left;\">Il Laboratorio<\/h2>\n<div class=\"is-divider divider clearfix\" style=\"margin-top:8px;margin-bottom:8px;max-width:170px;height:2px;\"><\/div>\n<p style=\"margin-top: 50px;\">Attrezzata di un laboratorio all&#8217;avanguardia Color Tech \u00e8 in grado di eseguire tutte le prove fisiche, reologiche, termiche, meccaniche e colorimetriche atte allo sviluppo, al controllo e alla certificazione dei propri prodotti e delle materie prime in entrata. Disponendo di tre impianti di laboratorio e diverse attrezzature ausiliarie, Color Tech \u00e8 in grado di mettere a punto e fornire produzioni pilota per eseguire test di valutazione ed omologazione dei propri prodotti.<\/p>\n\t\t<\/div>\n\t\t\t\t\t<\/div>\n\n\t\n\n\t<div id=\"col-748557878\" class=\"col medium-6 small-12 large-6\"  >\n\t\t\t\t<div class=\"col-inner\"  >\n\t\t\t\n\t\t\t\n\t<div class=\"img has-hover x md-x lg-x y md-y lg-y\" id=\"image_846377062\">\n\t\t\t\t\t\t\t\t<div class=\"img-inner dark\" >\n\t\t\t<img loading=\"lazy\" decoding=\"async\" width=\"1020\" height=\"765\" src=\"https:\/\/www.colortech.biz\/wp-content\/uploads\/2020\/12\/laboratorio-1024x768.jpeg\" class=\"attachment-large size-large\" alt=\"\" srcset=\"https:\/\/www.colortech.biz\/wp-content\/uploads\/2020\/12\/laboratorio-1024x768.jpeg 1024w, https:\/\/www.colortech.biz\/wp-content\/uploads\/2020\/12\/laboratorio-300x225.jpeg 300w, https:\/\/www.colortech.biz\/wp-content\/uploads\/2020\/12\/laboratorio-768x576.jpeg 768w, https:\/\/www.colortech.biz\/wp-content\/uploads\/2020\/12\/laboratorio-1536x1152.jpeg 1536w, https:\/\/www.colortech.biz\/wp-content\/uploads\/2020\/12\/laboratorio.jpeg 1920w\" sizes=\"auto, (max-width: 1020px) 100vw, 1020px\" \/>\t\t\t\t\t\t\n\t\t\t\t\t<\/div>\n\t\t\t\t\t\t\t\t\n<style>\n#image_846377062 {\n  width: 100%;\n}\n<\/style>\n\t<\/div>\n\t\n\t\t<\/div>\n\t\t\t\t\t<\/div>\n\n\t\n<\/div>\n\t\t<\/div>\n\n\t\t\n<style>\n#section_1673817044 {\n  padding-top: 0px;\n  padding-bottom: 0px;\n  min-height: 670px;\n}\n<\/style>\n\t<\/section>\n\t\n\n\t<section class=\"section\" id=\"section_2140957584\">\n\t\t<div class=\"section-bg fill\" >\n\t\t\t\t\t\t\t\t\t\n\t\t\t\n\t<div class=\"is-border\"\n\t\tstyle=\"border-color:rgb(238, 238, 238);border-width:1px 1px 1px 1px;\">\n\t<\/div>\n\n\t\t<\/div>\n\n\t\t\n\n\t\t<div class=\"section-content relative\">\n\t\t\t\n<div class=\"row\"  id=\"row-910772551\">\n\n\t<div id=\"col-675395427\" class=\"col medium-6 small-12 large-6\"  >\n\t\t\t\t<div class=\"col-inner\"  >\n\t\t\t\n\t\t\t\n\t<div class=\"img has-hover x md-x lg-x y md-y lg-y\" id=\"image_1233974967\">\n\t\t\t\t\t\t\t\t<div class=\"img-inner dark\" >\n\t\t\t<img loading=\"lazy\" decoding=\"async\" width=\"1020\" height=\"765\" src=\"https:\/\/www.colortech.biz\/wp-content\/uploads\/2020\/12\/produzione-1024x768.jpeg\" class=\"attachment-large size-large\" alt=\"\" srcset=\"https:\/\/www.colortech.biz\/wp-content\/uploads\/2020\/12\/produzione-1024x768.jpeg 1024w, https:\/\/www.colortech.biz\/wp-content\/uploads\/2020\/12\/produzione-300x225.jpeg 300w, https:\/\/www.colortech.biz\/wp-content\/uploads\/2020\/12\/produzione-768x576.jpeg 768w, https:\/\/www.colortech.biz\/wp-content\/uploads\/2020\/12\/produzione-1536x1152.jpeg 1536w, https:\/\/www.colortech.biz\/wp-content\/uploads\/2020\/12\/produzione.jpeg 1920w\" sizes=\"auto, (max-width: 1020px) 100vw, 1020px\" \/>\t\t\t\t\t\t\n\t\t\t\t\t<\/div>\n\t\t\t\t\t\t\t\t\n<style>\n#image_1233974967 {\n  width: 100%;\n}\n<\/style>\n\t<\/div>\n\t\n\t\t<\/div>\n\t\t\t\t\t<\/div>\n\n\t\n\n\t<div id=\"col-2062976755\" class=\"col medium-6 small-12 large-6\"  >\n\t\t\t\t<div class=\"col-inner\"  >\n\t\t\t\n\t\t\t\n<h2 class=\"presentation-two-name col-ms-12_marg50\" style=\"margin-bottom: 0px; text-align: left;\">La Produzione<\/h2>\n<div class=\"is-divider divider clearfix\" style=\"margin-top:8px;margin-bottom:8px;max-width:170px;height:2px;\"><\/div>\n<p style=\"margin-top: 50px;\">Dotata di varie unit\u00e0 produttive all&#8217;avanguardia e molto flessibili, composte da estrusori biviti e monoviti, sistemi di dosaggio e diverse tipologie di miscelatori, Color Tech garantisce la perfetta dispersione delle materie prime e la costante omogeneizzazione dei prodotti finiti, per un elevato standard qualitativo anche nei piccoli quantitativi.<\/p>\n\t\t<\/div>\n\t\t\t\t\t<\/div>\n\n\t\n<\/div>\n\t\t<\/div>\n\n\t\t\n<style>\n#section_2140957584 {\n  padding-top: 0px;\n  padding-bottom: 0px;\n  min-height: 750px;\n  background-color: rgb(251, 251, 251);\n}\n<\/style>\n\t<\/section>\n\t\n\n\t<section class=\"section\" id=\"section_1495271740\">\n\t\t<div class=\"section-bg fill\" >\n\t\t\t\t\t\t\t\t\t\n\t\t\t\n\n\t\t<\/div>\n\n\t\t\n\n\t\t<div class=\"section-content relative\">\n\t\t\t\n<div class=\"row\"  id=\"row-1163748882\">\n\n\t<div id=\"col-1400664612\" class=\"col medium-6 small-12 large-6\"  >\n\t\t\t\t<div class=\"col-inner\"  >\n\t\t\t\n\t\t\t\n<h2 class=\"presentation-two-name col-ms-12_marg50\" style=\"margin-bottom: 0px; text-align: left;\">Opportunit\u00e0 di lavoro<\/h2>\n<div class=\"is-divider divider clearfix\" style=\"margin-top:8px;margin-bottom:8px;max-width:170px;height:2px;\"><\/div>\n<p style=\"margin-top: 50px;\">Color Tech tutti i giorni affronta nuove sfide con passione e dedizione e per poter lavorare al meglio ritiene fondamentale il confronto, l\u2019umilt\u00e0, il desiderio di scoprire e apprendere cose nuove e il lavoro di squadra.<\/p>\n<p>Color Tech \u00e8 lieta di ricevere curriculum vitae al seguente indirizzo email: <a href=\"mailto:info@colortech.biz\">info@colortech.biz<\/a><\/p>\n\t\t<\/div>\n\t\t\t\t\t<\/div>\n\n\t\n\n\t<div id=\"col-695149095\" class=\"col medium-6 small-12 large-6\"  >\n\t\t\t\t<div class=\"col-inner\"  >\n\t\t\t\n\t\t\t\n\t<div class=\"img has-hover x md-x lg-x y md-y lg-y\" id=\"image_2035036052\">\n\t\t\t\t\t\t\t\t<div class=\"img-inner dark\" >\n\t\t\t<img loading=\"lazy\" decoding=\"async\" width=\"870\" height=\"400\" src=\"https:\/\/www.colortech.biz\/wp-content\/uploads\/2020\/12\/opp.jpeg\" class=\"attachment-large size-large\" alt=\"\" srcset=\"https:\/\/www.colortech.biz\/wp-content\/uploads\/2020\/12\/opp.jpeg 870w, https:\/\/www.colortech.biz\/wp-content\/uploads\/2020\/12\/opp-300x138.jpeg 300w, https:\/\/www.colortech.biz\/wp-content\/uploads\/2020\/12\/opp-768x353.jpeg 768w\" sizes=\"auto, (max-width: 870px) 100vw, 870px\" \/>\t\t\t\t\t\t\n\t\t\t\t\t<\/div>\n\t\t\t\t\t\t\t\t\n<style>\n#image_2035036052 {\n  width: 100%;\n}\n<\/style>\n\t<\/div>\n\t\n\t\t<\/div>\n\t\t\t\t\t<\/div>\n\n\t\n<\/div>\n\t\t<\/div>\n\n\t\t\n<style>\n#section_1495271740 {\n  padding-top: 0px;\n  padding-bottom: 0px;\n  min-height: 480px;\n}\n<\/style>\n\t<\/section>\n\t\n","protected":false},"excerpt":{"rendered":"","protected":false},"author":1,"featured_media":0,"parent":0,"menu_order":0,"comment_status":"closed","ping_status":"closed","template":"page-blank.php","meta":{"footnotes":""},"class_list":["post-16","page","type-page","status-publish","hentry"],"yoast_head":"<!-- This site is optimized with the Yoast SEO plugin v27.4 - https:\/\/yoast.com\/product\/yoast-seo-wordpress\/ -->\n<title>chi siamo - Colortech<\/title>\n<meta name=\"robots\" content=\"index, follow, max-snippet:-1, max-image-preview:large, max-video-preview:-1\" \/>\n<link rel=\"canonical\" href=\"https:\/\/www.colortech.biz\/it\/chi-siamo\/\" \/>\n<meta property=\"og:locale\" content=\"it_IT\" \/>\n<meta property=\"og:type\" content=\"article\" \/>\n<meta property=\"og:title\" content=\"chi siamo - Colortech\" \/>\n<meta property=\"og:url\" content=\"https:\/\/www.colortech.biz\/it\/chi-siamo\/\" \/>\n<meta property=\"og:site_name\" content=\"Colortech\" \/>\n<meta property=\"article:modified_time\" content=\"2022-10-08T07:01:40+00:00\" \/>\n<meta name=\"twitter:card\" content=\"summary_large_image\" \/>\n<meta name=\"twitter:label1\" content=\"Tempo di lettura stimato\" \/>\n\t<meta name=\"twitter:data1\" content=\"5 minuti\" \/>\n<script type=\"application\/ld+json\" class=\"yoast-schema-graph\">{\"@context\":\"https:\\\/\\\/schema.org\",\"@graph\":[{\"@type\":\"WebPage\",\"@id\":\"https:\\\/\\\/www.colortech.biz\\\/it\\\/chi-siamo\\\/\",\"url\":\"https:\\\/\\\/www.colortech.biz\\\/it\\\/chi-siamo\\\/\",\"name\":\"chi siamo - Colortech\",\"isPartOf\":{\"@id\":\"https:\\\/\\\/www.colortech.biz\\\/it\\\/#website\"},\"datePublished\":\"2020-11-25T16:08:34+00:00\",\"dateModified\":\"2022-10-08T07:01:40+00:00\",\"breadcrumb\":{\"@id\":\"https:\\\/\\\/www.colortech.biz\\\/it\\\/chi-siamo\\\/#breadcrumb\"},\"inLanguage\":\"it-IT\",\"potentialAction\":[{\"@type\":\"ReadAction\",\"target\":[\"https:\\\/\\\/www.colortech.biz\\\/it\\\/chi-siamo\\\/\"]}]},{\"@type\":\"BreadcrumbList\",\"@id\":\"https:\\\/\\\/www.colortech.biz\\\/it\\\/chi-siamo\\\/#breadcrumb\",\"itemListElement\":[{\"@type\":\"ListItem\",\"position\":1,\"name\":\"Home\",\"item\":\"https:\\\/\\\/www.colortech.biz\\\/it\\\/\"},{\"@type\":\"ListItem\",\"position\":2,\"name\":\"chi siamo\"}]},{\"@type\":\"WebSite\",\"@id\":\"https:\\\/\\\/www.colortech.biz\\\/it\\\/#website\",\"url\":\"https:\\\/\\\/www.colortech.biz\\\/it\\\/\",\"name\":\"Colortech\",\"description\":\"Produzione Compounds Materie Plastiche Masterbatches\",\"potentialAction\":[{\"@type\":\"SearchAction\",\"target\":{\"@type\":\"EntryPoint\",\"urlTemplate\":\"https:\\\/\\\/www.colortech.biz\\\/it\\\/?s={search_term_string}\"},\"query-input\":{\"@type\":\"PropertyValueSpecification\",\"valueRequired\":true,\"valueName\":\"search_term_string\"}}],\"inLanguage\":\"it-IT\"}]}<\/script>\n<!-- \/ Yoast SEO plugin. -->","yoast_head_json":{"title":"chi siamo - Colortech","robots":{"index":"index","follow":"follow","max-snippet":"max-snippet:-1","max-image-preview":"max-image-preview:large","max-video-preview":"max-video-preview:-1"},"canonical":"https:\/\/www.colortech.biz\/it\/chi-siamo\/","og_locale":"it_IT","og_type":"article","og_title":"chi siamo - Colortech","og_url":"https:\/\/www.colortech.biz\/it\/chi-siamo\/","og_site_name":"Colortech","article_modified_time":"2022-10-08T07:01:40+00:00","twitter_card":"summary_large_image","twitter_misc":{"Tempo di lettura stimato":"5 minuti"},"schema":{"@context":"https:\/\/schema.org","@graph":[{"@type":"WebPage","@id":"https:\/\/www.colortech.biz\/it\/chi-siamo\/","url":"https:\/\/www.colortech.biz\/it\/chi-siamo\/","name":"chi siamo - Colortech","isPartOf":{"@id":"https:\/\/www.colortech.biz\/it\/#website"},"datePublished":"2020-11-25T16:08:34+00:00","dateModified":"2022-10-08T07:01:40+00:00","breadcrumb":{"@id":"https:\/\/www.colortech.biz\/it\/chi-siamo\/#breadcrumb"},"inLanguage":"it-IT","potentialAction":[{"@type":"ReadAction","target":["https:\/\/www.colortech.biz\/it\/chi-siamo\/"]}]},{"@type":"BreadcrumbList","@id":"https:\/\/www.colortech.biz\/it\/chi-siamo\/#breadcrumb","itemListElement":[{"@type":"ListItem","position":1,"name":"Home","item":"https:\/\/www.colortech.biz\/it\/"},{"@type":"ListItem","position":2,"name":"chi siamo"}]},{"@type":"WebSite","@id":"https:\/\/www.colortech.biz\/it\/#website","url":"https:\/\/www.colortech.biz\/it\/","name":"Colortech","description":"Produzione Compounds Materie Plastiche Masterbatches","potentialAction":[{"@type":"SearchAction","target":{"@type":"EntryPoint","urlTemplate":"https:\/\/www.colortech.biz\/it\/?s={search_term_string}"},"query-input":{"@type":"PropertyValueSpecification","valueRequired":true,"valueName":"search_term_string"}}],"inLanguage":"it-IT"}]}},"_links":{"self":[{"href":"https:\/\/www.colortech.biz\/it\/wp-json\/wp\/v2\/pages\/16","targetHints":{"allow":["GET"]}}],"collection":[{"href":"https:\/\/www.colortech.biz\/it\/wp-json\/wp\/v2\/pages"}],"about":[{"href":"https:\/\/www.colortech.biz\/it\/wp-json\/wp\/v2\/types\/page"}],"author":[{"embeddable":true,"href":"https:\/\/www.colortech.biz\/it\/wp-json\/wp\/v2\/users\/1"}],"replies":[{"embeddable":true,"href":"https:\/\/www.colortech.biz\/it\/wp-json\/wp\/v2\/comments?post=16"}],"version-history":[{"count":17,"href":"https:\/\/www.colortech.biz\/it\/wp-json\/wp\/v2\/pages\/16\/revisions"}],"predecessor-version":[{"id":872,"href":"https:\/\/www.colortech.biz\/it\/wp-json\/wp\/v2\/pages\/16\/revisions\/872"}],"wp:attachment":[{"href":"https:\/\/www.colortech.biz\/it\/wp-json\/wp\/v2\/media?parent=16"}],"curies":[{"name":"wp","href":"https:\/\/api.w.org\/{rel}","templated":true}]}}