{"id":8,"date":"2020-11-10T16:45:34","date_gmt":"2020-11-10T16:45:34","guid":{"rendered":"https:\/\/colortech.biz\/?page_id=8"},"modified":"2024-11-11T15:22:10","modified_gmt":"2024-11-11T15:22:10","slug":"home","status":"publish","type":"page","link":"https:\/\/www.colortech.biz\/it\/","title":{"rendered":"home"},"content":{"rendered":"\n\t<section class=\"section\" id=\"section_14529946\">\n\t\t<div class=\"section-bg fill\" >\n\t\t\t\t\t\t\t\t\t\n\t\t\t\n\n\t\t<\/div>\n\n\t\t\n\n\t\t<div class=\"section-content relative\">\n\t\t\t\n<div class=\"slider-wrapper relative\" id=\"slider-1024718293\" >\n    <div class=\"slider slider-type-fade slider-nav-simple slider-nav-large slider-nav-light slider-style-normal\"\n        data-flickity-options='{\n            \"cellAlign\": \"center\",\n            \"imagesLoaded\": true,\n            \"lazyLoad\": 1,\n            \"freeScroll\": false,\n            \"wrapAround\": true,\n            \"autoPlay\": 6000,\n            \"pauseAutoPlayOnHover\" : true,\n            \"prevNextButtons\": true,\n            \"contain\" : true,\n            \"adaptiveHeight\" : true,\n            \"dragThreshold\" : 10,\n            \"percentPosition\": true,\n            \"pageDots\": false,\n            \"rightToLeft\": false,\n            \"draggable\": true,\n            \"selectedAttraction\": 0.1,\n            \"parallax\" : 0,\n            \"friction\": 0.6        }'\n        >\n        \n\n  <div class=\"banner has-hover\" id=\"banner-1971475410\">\n          <div class=\"banner-inner fill\">\n        <div class=\"banner-bg fill\" >\n            <img loading=\"lazy\" decoding=\"async\" width=\"1920\" height=\"1281\" src=\"https:\/\/www.colortech.biz\/wp-content\/uploads\/2020\/12\/slide_1.jpeg\" class=\"bg attachment-original size-original\" alt=\"\" \/>                                    \n                    <\/div>\n\t\t\n        <div class=\"banner-layers container\">\n            <div class=\"fill banner-link\"><\/div>            \n   <div id=\"text-box-847729985\" class=\"text-box banner-layer x50 md-x50 lg-x50 y50 md-y50 lg-y50 res-text\">\n                     <div data-animate=\"fadeInDown\">           <div class=\"text-box-content text dark\">\n              \n              <div class=\"text-inner text-center\">\n                  \n<p style=\"white-space: normal; text-align: left; font-family: Arial; font-size: 25px; line-height: 25px;\">&#8221; Pi\u00f9 che una sostanza, la plastica \u00e8 l&#8217;idea stessa della sua infinita trasformazione, \u00e8, come indica il suo nome volgare, l&#8217;ubliquit\u00e0 resa visibile e proprio in questo essa \u00e8 una materia miracolosa &#8220;<\/p>\n<p style=\"white-space: normal; text-align: left; font-family: Arial; font-size: 25px; line-height: 25px;\">Roland Barthes<\/p>\n              <\/div>\n           <\/div>\n       <\/div>                     \n<style>\n#text-box-847729985 {\n  width: 92%;\n}\n#text-box-847729985 .text-box-content {\n  font-size: 100%;\n}\n<\/style>\n    <\/div>\n \n        <\/div>\n      <\/div>\n\n            \n<style>\n#banner-1971475410 {\n  padding-top: 750px;\n  background-color: rgb(255,255,255);\n}\n<\/style>\n  <\/div>\n\n\n\n  <div class=\"banner has-hover\" id=\"banner-766906755\">\n          <div class=\"banner-inner fill\">\n        <div class=\"banner-bg fill\" >\n            <img loading=\"lazy\" decoding=\"async\" width=\"1920\" height=\"1280\" src=\"https:\/\/www.colortech.biz\/wp-content\/uploads\/2020\/12\/slide_2.jpeg\" class=\"bg attachment-original size-original\" alt=\"\" \/>                        <div class=\"overlay\"><\/div>            \n                    <\/div>\n\t\t\n        <div class=\"banner-layers container\">\n            <div class=\"fill banner-link\"><\/div>            \n   <div id=\"text-box-207621731\" class=\"text-box banner-layer x50 md-x50 lg-x50 y50 md-y50 lg-y50 res-text\">\n                     <div data-animate=\"fadeInDown\">           <div class=\"text-box-content text dark\">\n              \n              <div class=\"text-inner text-center\">\n                  \n\t<div id=\"text-65346770\" class=\"text\">\n\t\t\n<p style=\"white-space: normal; font-family: Arial; font-size: 25px; line-height: 25px;\"><span style=\"font-size: 120%;\">Da oltre 20 anni offriamo un\u2019ampia gamma di compounds e masterbatches adatti a ogni tipo di applicazione.<\/span><\/p>\n\t\t\n<style>\n#text-65346770 {\n  text-align: center;\n}\n<\/style>\n\t<\/div>\n\t\n<a href=\"https:\/\/colortech.biz\/it\/prodotti\/\" class=\"button white is-outline lowercase\" >\n\t\t<span>Esplora la gamma prodotti<\/span>\n\t<\/a>\n\n              <\/div>\n           <\/div>\n       <\/div>                     \n<style>\n#text-box-207621731 {\n  width: 75%;\n}\n#text-box-207621731 .text-box-content {\n  font-size: 154%;\n}\n<\/style>\n    <\/div>\n \n        <\/div>\n      <\/div>\n\n            \n<style>\n#banner-766906755 {\n  padding-top: 750px;\n  background-color: rgb(255,255,255);\n}\n#banner-766906755 .overlay {\n  background-color: rgba(0,0,0,.5);\n}\n<\/style>\n  <\/div>\n\n\n\n  <div class=\"banner has-hover\" id=\"banner-961675063\">\n          <div class=\"banner-inner fill\">\n        <div class=\"banner-bg fill\" >\n            <img loading=\"lazy\" decoding=\"async\" width=\"1920\" height=\"750\" src=\"https:\/\/www.colortech.biz\/wp-content\/uploads\/2020\/12\/slide_3.jpeg\" class=\"bg attachment-original size-original\" alt=\"\" \/>                        <div class=\"overlay\"><\/div>            \n                    <\/div>\n\t\t\n        <div class=\"banner-layers container\">\n            <div class=\"fill banner-link\"><\/div>            \n   <div id=\"text-box-1788910944\" class=\"text-box banner-layer x50 md-x50 lg-x50 y50 md-y50 lg-y50 res-text\">\n                     <div data-animate=\"fadeInDown\">           <div class=\"text-box-content text dark\">\n              \n              <div class=\"text-inner text-center\">\n                  \n<p style=\"white-space: normal; text-align: center; font-family: Arial; font-size: 45px; line-height: 45px;\">Compounds<br \/>\n&amp;<br \/>\nMasterbatches<\/p>\n              <\/div>\n           <\/div>\n       <\/div>                     \n<style>\n#text-box-1788910944 {\n  width: 72%;\n}\n#text-box-1788910944 .text-box-content {\n  font-size: 190%;\n}\n<\/style>\n    <\/div>\n \n   <div id=\"text-box-1676708095\" class=\"text-box banner-layer x50 md-x50 lg-x50 y70 md-y70 lg-y70 res-text\">\n                     <div data-animate=\"fadeInUp\">           <div class=\"text-box-content text dark\">\n              \n              <div class=\"text-inner text-center\">\n                  \n<a data-animate=\"fadeInUp\" href=\"https:\/\/colortech.biz\/it\/prodotti\/\" class=\"button white is-outline lowercase\" >\n\t\t<span>Scopri i nostri prodotti<\/span>\n\t<\/a>\n\n              <\/div>\n           <\/div>\n       <\/div>                     \n<style>\n#text-box-1676708095 {\n  width: 60%;\n}\n#text-box-1676708095 .text-box-content {\n  font-size: 148%;\n}\n<\/style>\n    <\/div>\n \n        <\/div>\n      <\/div>\n\n            \n<style>\n#banner-961675063 {\n  padding-top: 750px;\n  background-color: rgb(255,255,255);\n}\n#banner-961675063 .overlay {\n  background-color: rgba(0,0,0,.5);\n}\n<\/style>\n  <\/div>\n\n\n\n  <div class=\"banner has-hover\" id=\"banner-935359812\">\n          <div class=\"banner-inner fill\">\n        <div class=\"banner-bg fill\" >\n            <img loading=\"lazy\" decoding=\"async\" width=\"1726\" height=\"1200\" src=\"https:\/\/www.colortech.biz\/wp-content\/uploads\/2020\/12\/slide_4.jpeg\" class=\"bg attachment-original size-original\" alt=\"\" \/>                                    \n                    <\/div>\n\t\t\n        <div class=\"banner-layers container\">\n            <div class=\"fill banner-link\"><\/div>            \n   <div id=\"text-box-1162374912\" class=\"text-box banner-layer x50 md-x50 lg-x50 y50 md-y50 lg-y50 res-text\">\n                     <div data-animate=\"fadeInDown\">           <div class=\"text-box-content text \">\n              \n              <div class=\"text-inner text-center\">\n                  \n<p style=\"white-space: normal; text-align: center; font-family: Arial; font-size: 45px; line-height: 45px;\">Compounds<br \/>\n&amp;<br \/>\nMasterbatches<\/p>\n              <\/div>\n           <\/div>\n       <\/div>                     \n<style>\n#text-box-1162374912 {\n  width: 81%;\n}\n#text-box-1162374912 .text-box-content {\n  font-size: 160%;\n}\n<\/style>\n    <\/div>\n \n   <div id=\"text-box-36783635\" class=\"text-box banner-layer x50 md-x50 lg-x50 y70 md-y70 lg-y70 res-text\">\n                     <div data-animate=\"fadeInUp\">           <div class=\"text-box-content text \">\n              \n              <div class=\"text-inner text-center\">\n                  \n<a data-animate=\"fadeInUp\" href=\"https:\/\/colortech.biz\/it\/prodotti\/\" class=\"button white is-outline lowercase\" >\n\t\t<span>Scopri i nostri prodotti<\/span>\n\t<\/a>\n\n              <\/div>\n           <\/div>\n       <\/div>                     \n<style>\n#text-box-36783635 {\n  width: 60%;\n}\n#text-box-36783635 .text-box-content {\n  font-size: 148%;\n}\n<\/style>\n    <\/div>\n \n        <\/div>\n      <\/div>\n\n            \n<style>\n#banner-935359812 {\n  padding-top: 750px;\n  background-color: rgb(255,255,255);\n}\n<\/style>\n  <\/div>\n\n\n     <\/div>\n\n     <div class=\"loading-spin dark large centered\"><\/div>\n\n\t<\/div>\n\n\n\t\t<\/div>\n\n\t\t\n<style>\n#section_14529946 {\n  padding-top: 30px;\n  padding-bottom: 30px;\n  min-height: 750px;\n}\n<\/style>\n\t<\/section>\n\t\n\n\t<section class=\"section\" id=\"section_1448595509\">\n\t\t<div class=\"section-bg fill\" >\n\t\t\t\t\t\t\t\t\t\n\t\t\t\n\n\t\t<\/div>\n\n\t\t\n\n\t\t<div class=\"section-content relative\">\n\t\t\t\n<div class=\"row row-collapse\"  id=\"row-1294448214\">\n\n\t<div id=\"col-209842347\" class=\"col small-12 large-12\"  >\n\t\t\t\t<div class=\"col-inner\"  >\n\t\t\t\n\t\t\t\n<h2 class=\"thin-font\" style=\"text-align: center;\"><span style=\"font-size: 170%;\">Prodotti<\/span><\/h2>\n\t\t<\/div>\n\t\t\t\t\t<\/div>\n\n\t\n<\/div>\n\t\t<\/div>\n\n\t\t\n<style>\n#section_1448595509 {\n  padding-top: 30px;\n  padding-bottom: 30px;\n  min-height: 158px;\n  background-color: rgb(238, 238, 238);\n}\n<\/style>\n\t<\/section>\n\t\n\n\t<section class=\"section\" id=\"section_1544058539\">\n\t\t<div class=\"section-bg fill\" >\n\t\t\t\t\t\t\t\t\t\n\t\t\t\n\n\t\t<\/div>\n\n\t\t\n\n\t\t<div class=\"section-content relative\">\n\t\t\t\n<div class=\"row row-collapse row-full-width\"  id=\"row-905585814\">\n\n\t<div id=\"col-145179447\" class=\"col medium-6 small-12 large-6\"  >\n\t\t\t\t<div class=\"col-inner\"  >\n\t\t\t\n\t\t\t\n<figure class=\"effect-bubba\"><img decoding=\"async\" class=\"img-responsive\" style=\"border: 3px solid #FFF; width: 100%;\" src=\"https:\/\/www.colortech.biz\/wp-content\/uploads\/2020\/12\/image_home_sx.jpeg\" alt=\"Compounds \/ COLORTECH\" \/><\/p>\n<h2><strong>Compounds<\/strong><\/h2><figcaption>\n<div class=\"centerfold\">\n<p><strong><a class=\"pteclan\" href=\"\/it\/prodotti\/teclan\/\">teclan<\/a><a class=\"ptecral\" href=\"\/it\/prodotti\/tecral\/\">tecral<\/a><a class=\"ptecstil\" href=\"\/it\/prodotti\/tecstil\/\">tecstil<\/a><a class=\"ptecstir\" href=\"\/it\/prodotti\/tecstir\/\">tecstir<\/a><a class=\"pteclux\" href=\"\/it\/prodotti\/teclux\/\">teclux<\/a><a class=\"ptecblend\" href=\"\/it\/prodotti\/tecblend\/\">tecblend<\/a><a class=\"pteclene\" href=\"\/it\/prodotti\/teclene\/\">teclene<\/a><a class=\"ptecril\" href=\"\/it\/prodotti\/tecril\/\">tecril<\/a><a class=\"pecotech\" href=\"\/it\/prodotti\/ecotech\/\">ecotech<\/a><\/strong><\/p>\n<\/div>\n<\/figcaption><\/figure>\n\t\t<\/div>\n\t\t\t\t\t<\/div>\n\n\t\n\n\t<div id=\"col-522741523\" class=\"col medium-6 small-12 large-6\"  >\n\t\t\t\t<div class=\"col-inner\"  >\n\t\t\t\n\t\t\t\n<figure class=\"effect-bubba\"><img decoding=\"async\" class=\"img-responsive\" style=\"border: 3px solid #FFF; width: 100%;\" src=\"https:\/\/www.colortech.biz\/wp-content\/uploads\/2020\/12\/image_home_dx.jpeg\" alt=\"Masterbatches \/ COLORTECH\" \/><\/p>\n<h2><strong>Masterbatches<\/strong><\/h2><figcaption>\n<div class=\"centerfold\">\n<p><strong><a class=\"ptecbatch\" href=\"\/it\/prodotti\/tecbatch\/\">tecbatch<\/a><\/strong><\/p>\n<\/div>\n<\/figcaption><\/figure>\n\t\t<\/div>\n\t\t\t\t\t<\/div>\n\n\t\n\n<style>\n#row-905585814 > .col > .col-inner {\n  padding: 0px 5px 0px px;\n}\n<\/style>\n<\/div>\n\t\t<\/div>\n\n\t\t\n<style>\n#section_1544058539 {\n  padding-top: 0px;\n  padding-bottom: 0px;\n  min-height: 570px;\n}\n<\/style>\n\t<\/section>\n\t\n\n\t<section class=\"section\" id=\"section_332569002\">\n\t\t<div class=\"section-bg fill\" >\n\t\t\t\t\t\t\t\t\t\n\t\t\t\n\n\t\t<\/div>\n\n\t\t\n\n\t\t<div class=\"section-content relative\">\n\t\t\t\n\t\t<\/div>\n\n\t\t\n<style>\n#section_332569002 {\n  padding-top: 0px;\n  padding-bottom: 0px;\n  min-height: 65px;\n  background-color: rgb(245, 245, 245);\n}\n<\/style>\n\t<\/section>\n\t\n\n\t<section class=\"section\" id=\"section_1290433002\">\n\t\t<div class=\"section-bg fill\" >\n\t\t\t\t\t\t\t\t\t\n\t\t\t\n\n\t\t<\/div>\n\n\t\t\n\n\t\t<div class=\"section-content relative\">\n\t\t\t\n\t<div id=\"gap-1825822407\" class=\"gap-element clearfix\" style=\"display:block; height:auto;\">\n\t\t\n<style>\n#gap-1825822407 {\n  padding-top: 100px;\n}\n<\/style>\n\t<\/div>\n\t\n<div class=\"row row-collapse\"  id=\"row-1116619073\">\n\n\t<div id=\"col-1610903543\" class=\"col medium-6 small-12 large-6\"  >\n\t\t\t\t<div class=\"col-inner text-center\"  >\n\t\t\t\n\t\t\t\n\t<div class=\"img has-hover x md-x lg-x y md-y lg-y\" id=\"image_1711041142\">\n\t\t\t\t\t\t\t\t<div class=\"img-inner image-cover dark\" style=\"padding-top:469px;\">\n\t\t\t<img loading=\"lazy\" decoding=\"async\" width=\"400\" height=\"469\" src=\"https:\/\/www.colortech.biz\/wp-content\/uploads\/2020\/12\/lady.jpg\" class=\"attachment-original size-original\" alt=\"\" srcset=\"https:\/\/www.colortech.biz\/wp-content\/uploads\/2020\/12\/lady.jpg 400w, https:\/\/www.colortech.biz\/wp-content\/uploads\/2020\/12\/lady-256x300.jpg 256w\" sizes=\"auto, (max-width: 400px) 100vw, 400px\" \/>\t\t\t\t\t\t\n\t\t\t\t\t<\/div>\n\t\t\t\t\t\t\t\t\n<style>\n#image_1711041142 {\n  width: 100%;\n}\n@media (min-width:550px) {\n  #image_1711041142 {\n    width: 62%;\n  }\n}\n<\/style>\n\t<\/div>\n\t\n\t\t<\/div>\n\t\t\t\t\t<\/div>\n\n\t\n\n\t<div id=\"col-1025054834\" class=\"col medium-6 small-12 large-6\"  >\n\t\t\t\t<div class=\"col-inner\"  >\n\t\t\t\n\t\t\t\n<h2 class=\"present-block-name\" style=\"font-size: 45px; font-weight: 500; margin-top: 0px; margin-bottom: 0px;\">Professionisti della plastica<\/h2>\n<div class=\"is-divider divider clearfix\" style=\"margin-top:10px;margin-bottom:10px;max-width:175px;height:2px;\"><\/div>\n<div class=\"present-block-text\">Forte di un&#8217;esperienza trentennale nel campo del compound e della colorazione dei tecnopolimeri, Color Tech \u00e8 specializzata nella produzione di compounds in ABS, SAN, ASA, PS, PC, leghe di PC\/ABS, PP e PMMA.<\/div>\n\t<div id=\"gap-88868311\" class=\"gap-element clearfix\" style=\"display:block; height:auto;\">\n\t\t\n<style>\n#gap-88868311 {\n  padding-top: 30px;\n}\n<\/style>\n\t<\/div>\n\t\n<a href=\"\/it\/chi-siamo\/\" class=\"button white is-outline lowercase\" >\n\t\t<span>La storia<\/span>\n\t<\/a>\n\n\t\t<\/div>\n\t\t\t\t\t<\/div>\n\n\t\n<\/div>\n\t\t<\/div>\n\n\t\t\n<style>\n#section_1290433002 {\n  padding-top: 0px;\n  padding-bottom: 0px;\n  min-height: 570px;\n}\n<\/style>\n\t<\/section>\n\t\n\n\t<section class=\"section\" id=\"section_1165973296\">\n\t\t<div class=\"section-bg fill\" >\n\t\t\t\t\t\t\t\t\t\n\t\t\t\n\n\t\t<\/div>\n\n\t\t\n\n\t\t<div class=\"section-content relative\">\n\t\t\t\n<div class=\"row align-center\"  id=\"row-914230814\">\n\n\t<div id=\"col-1625185801\" class=\"col medium-9 small-12 large-9\"  >\n\t\t\t\t<div class=\"col-inner text-center\"  >\n\t\t\t\n\t\t\t\n<h2 style=\"font-size: 45px; font-weight: 500; margin-bottom: 0px;\">Tre buoni motivi<\/h2>\n<p>PER SCEGLIERE COLOR TECH<\/p>\n\t\t<\/div>\n\t\t\t\t\t<\/div>\n\n\t\n\n\t<div id=\"col-1268691181\" class=\"col medium-4 small-12 large-4\"  >\n\t\t\t\t<div class=\"col-inner text-center\"  >\n\t\t\t\n\t\t\t\n<div class=\"multi-serv-icon\"><\/div>\n<h2 class=\"multi-serv-name\">Competenza<\/h2>\n<p class=\"multi-serv-desc\">La profonda conoscenza dei meccanismi permette di proporre soluzioni ottimizzate per ogni applicazione<\/p>\n\t\t<\/div>\n\t\t\t\t\t<\/div>\n\n\t\n\n\t<div id=\"col-1120859664\" class=\"col medium-4 small-12 large-4\"  >\n\t\t\t\t<div class=\"col-inner\"  >\n\t\t\t\n\t\t\t\n<div class=\"multi-serv-icon\"><\/div>\n<h2 class=\"multi-serv-name\">Ricerca e sviluppo<\/h2>\n<p class=\"multi-serv-desc\">Un team di tecnici specializzati garantisce lo sviluppo di nuove soluzioni sempre pi\u00f9 performanti e affidabili<\/p>\n\t\t<\/div>\n\t\t\t\t\t<\/div>\n\n\t\n\n\t<div id=\"col-556756969\" class=\"col medium-4 small-12 large-4\"  >\n\t\t\t\t<div class=\"col-inner\"  >\n\t\t\t\n\t\t\t\n<div class=\"multi-serv-icon\"><\/div>\n<h2 class=\"multi-serv-name\">Made in Italy<\/h2>\n<p class=\"multi-serv-desc\">La qualit\u00e0 dei materiali Color Tech \u00e8 certificata e tracciabile<\/p>\n\t\t<\/div>\n\t\t\t\t\t<\/div>\n\n\t\n<\/div>\n\t\t<\/div>\n\n\t\t\n<style>\n#section_1165973296 {\n  padding-top: 100px;\n  padding-bottom: 100px;\n  min-height: 561px;\n  background-color: rgb(250, 250, 250);\n}\n<\/style>\n\t<\/section>\n\t\n\n\t<section class=\"section\" id=\"section_5617994\">\n\t\t<div class=\"section-bg fill\" >\n\t\t\t\t\t\t\t\t\t\n\t\t\t\n\n\t\t<\/div>\n\n\t\t\n\n\t\t<div class=\"section-content relative\">\n\t\t\t\n<div class=\"row\"  id=\"row-1906364000\">\n\n\t<div id=\"col-824788755\" class=\"col small-12 large-12\"  >\n\t\t\t\t<div class=\"col-inner text-center\"  >\n\t\t\t\n\t\t\t\n\t<div class=\"img has-hover x md-x lg-x y md-y lg-y\" id=\"image_1759240966\">\n\t\t\t\t\t\t\t\t<div class=\"img-inner dark\" >\n\t\t\t<img loading=\"lazy\" decoding=\"async\" width=\"1072\" height=\"222\" src=\"https:\/\/www.colortech.biz\/wp-content\/uploads\/loghi_finanziatori_onlyimgs.png\" class=\"attachment-original size-original\" alt=\"loghi enti finanziatori\" srcset=\"https:\/\/www.colortech.biz\/wp-content\/uploads\/loghi_finanziatori_onlyimgs.png 1072w, https:\/\/www.colortech.biz\/wp-content\/uploads\/loghi_finanziatori_onlyimgs-300x62.png 300w, https:\/\/www.colortech.biz\/wp-content\/uploads\/loghi_finanziatori_onlyimgs-1024x212.png 1024w, https:\/\/www.colortech.biz\/wp-content\/uploads\/loghi_finanziatori_onlyimgs-768x159.png 768w\" sizes=\"auto, (max-width: 1072px) 100vw, 1072px\" \/>\t\t\t\t\t\t\n\t\t\t\t\t<\/div>\n\t\t\t\t\t\t\t\t\n<style>\n#image_1759240966 {\n  width: 100%;\n}\n@media (min-width:550px) {\n  #image_1759240966 {\n    width: 80%;\n  }\n}\n<\/style>\n\t<\/div>\n\t\n<p class=\"thin-font\"><span style=\"font-size: 110%;\"><span style=\"color: #0000ff;\"><a style=\"color: #0000ff;\" href=\"https:\/\/www.colortech.biz\/it\/progetto-di-efficientamento-energetico-produttivo\/\">Progetto<\/a> <\/span>finanziato con il PSC veneto &#8211; Sezione Speciale (DGR n.1510 del 02\/11\/2021 &#8211; Azione 311)<\/span><\/p>\n\t\t<\/div>\n\t\t\t\t\t<\/div>\n\n\t\n<\/div>\n\t\t<\/div>\n\n\t\t\n<style>\n#section_5617994 {\n  padding-top: 30px;\n  padding-bottom: 30px;\n}\n<\/style>\n\t<\/section>\n\t\n","protected":false},"excerpt":{"rendered":"","protected":false},"author":1,"featured_media":0,"parent":0,"menu_order":0,"comment_status":"closed","ping_status":"closed","template":"page-blank.php","meta":{"footnotes":""},"class_list":["post-8","page","type-page","status-publish","hentry"],"yoast_head":"<!-- This site is optimized with the Yoast SEO plugin v27.4 - https:\/\/yoast.com\/product\/yoast-seo-wordpress\/ -->\n<title>home - Colortech<\/title>\n<meta name=\"robots\" content=\"index, follow, max-snippet:-1, max-image-preview:large, max-video-preview:-1\" \/>\n<link rel=\"canonical\" href=\"https:\/\/www.colortech.biz\/it\/\" \/>\n<meta property=\"og:locale\" content=\"it_IT\" \/>\n<meta property=\"og:type\" content=\"article\" \/>\n<meta property=\"og:title\" content=\"home - Colortech\" \/>\n<meta property=\"og:url\" content=\"https:\/\/www.colortech.biz\/it\/\" \/>\n<meta property=\"og:site_name\" content=\"Colortech\" \/>\n<meta property=\"article:modified_time\" content=\"2024-11-11T15:22:10+00:00\" \/>\n<meta property=\"og:image\" content=\"https:\/\/www.colortech.biz\/wp-content\/uploads\/2020\/12\/image_home_sx.jpeg\" \/>\n<meta name=\"twitter:card\" content=\"summary_large_image\" \/>\n<meta name=\"twitter:label1\" content=\"Tempo di lettura stimato\" \/>\n\t<meta name=\"twitter:data1\" content=\"3 minuti\" \/>\n<script type=\"application\/ld+json\" class=\"yoast-schema-graph\">{\"@context\":\"https:\\\/\\\/schema.org\",\"@graph\":[{\"@type\":\"WebPage\",\"@id\":\"https:\\\/\\\/www.colortech.biz\\\/it\\\/\",\"url\":\"https:\\\/\\\/www.colortech.biz\\\/it\\\/\",\"name\":\"home - Colortech\",\"isPartOf\":{\"@id\":\"https:\\\/\\\/www.colortech.biz\\\/it\\\/#website\"},\"primaryImageOfPage\":{\"@id\":\"https:\\\/\\\/www.colortech.biz\\\/it\\\/#primaryimage\"},\"image\":{\"@id\":\"https:\\\/\\\/www.colortech.biz\\\/it\\\/#primaryimage\"},\"thumbnailUrl\":\"https:\\\/\\\/www.colortech.biz\\\/wp-content\\\/uploads\\\/2020\\\/12\\\/image_home_sx.jpeg\",\"datePublished\":\"2020-11-10T16:45:34+00:00\",\"dateModified\":\"2024-11-11T15:22:10+00:00\",\"breadcrumb\":{\"@id\":\"https:\\\/\\\/www.colortech.biz\\\/it\\\/#breadcrumb\"},\"inLanguage\":\"it-IT\",\"potentialAction\":[{\"@type\":\"ReadAction\",\"target\":[\"https:\\\/\\\/www.colortech.biz\\\/it\\\/\"]}]},{\"@type\":\"ImageObject\",\"inLanguage\":\"it-IT\",\"@id\":\"https:\\\/\\\/www.colortech.biz\\\/it\\\/#primaryimage\",\"url\":\"https:\\\/\\\/www.colortech.biz\\\/wp-content\\\/uploads\\\/2020\\\/12\\\/image_home_sx.jpeg\",\"contentUrl\":\"https:\\\/\\\/www.colortech.biz\\\/wp-content\\\/uploads\\\/2020\\\/12\\\/image_home_sx.jpeg\"},{\"@type\":\"BreadcrumbList\",\"@id\":\"https:\\\/\\\/www.colortech.biz\\\/it\\\/#breadcrumb\",\"itemListElement\":[{\"@type\":\"ListItem\",\"position\":1,\"name\":\"Home\",\"item\":\"https:\\\/\\\/www.colortech.biz\\\/it\\\/\"},{\"@type\":\"ListItem\",\"position\":2,\"name\":\"home\"}]},{\"@type\":\"WebSite\",\"@id\":\"https:\\\/\\\/www.colortech.biz\\\/it\\\/#website\",\"url\":\"https:\\\/\\\/www.colortech.biz\\\/it\\\/\",\"name\":\"Colortech\",\"description\":\"Produzione Compounds Materie Plastiche Masterbatches\",\"potentialAction\":[{\"@type\":\"SearchAction\",\"target\":{\"@type\":\"EntryPoint\",\"urlTemplate\":\"https:\\\/\\\/www.colortech.biz\\\/it\\\/?s={search_term_string}\"},\"query-input\":{\"@type\":\"PropertyValueSpecification\",\"valueRequired\":true,\"valueName\":\"search_term_string\"}}],\"inLanguage\":\"it-IT\"}]}<\/script>\n<!-- \/ Yoast SEO plugin. -->","yoast_head_json":{"title":"home - Colortech","robots":{"index":"index","follow":"follow","max-snippet":"max-snippet:-1","max-image-preview":"max-image-preview:large","max-video-preview":"max-video-preview:-1"},"canonical":"https:\/\/www.colortech.biz\/it\/","og_locale":"it_IT","og_type":"article","og_title":"home - Colortech","og_url":"https:\/\/www.colortech.biz\/it\/","og_site_name":"Colortech","article_modified_time":"2024-11-11T15:22:10+00:00","og_image":[{"url":"https:\/\/www.colortech.biz\/wp-content\/uploads\/2020\/12\/image_home_sx.jpeg","type":"","width":"","height":""}],"twitter_card":"summary_large_image","twitter_misc":{"Tempo di lettura stimato":"3 minuti"},"schema":{"@context":"https:\/\/schema.org","@graph":[{"@type":"WebPage","@id":"https:\/\/www.colortech.biz\/it\/","url":"https:\/\/www.colortech.biz\/it\/","name":"home - Colortech","isPartOf":{"@id":"https:\/\/www.colortech.biz\/it\/#website"},"primaryImageOfPage":{"@id":"https:\/\/www.colortech.biz\/it\/#primaryimage"},"image":{"@id":"https:\/\/www.colortech.biz\/it\/#primaryimage"},"thumbnailUrl":"https:\/\/www.colortech.biz\/wp-content\/uploads\/2020\/12\/image_home_sx.jpeg","datePublished":"2020-11-10T16:45:34+00:00","dateModified":"2024-11-11T15:22:10+00:00","breadcrumb":{"@id":"https:\/\/www.colortech.biz\/it\/#breadcrumb"},"inLanguage":"it-IT","potentialAction":[{"@type":"ReadAction","target":["https:\/\/www.colortech.biz\/it\/"]}]},{"@type":"ImageObject","inLanguage":"it-IT","@id":"https:\/\/www.colortech.biz\/it\/#primaryimage","url":"https:\/\/www.colortech.biz\/wp-content\/uploads\/2020\/12\/image_home_sx.jpeg","contentUrl":"https:\/\/www.colortech.biz\/wp-content\/uploads\/2020\/12\/image_home_sx.jpeg"},{"@type":"BreadcrumbList","@id":"https:\/\/www.colortech.biz\/it\/#breadcrumb","itemListElement":[{"@type":"ListItem","position":1,"name":"Home","item":"https:\/\/www.colortech.biz\/it\/"},{"@type":"ListItem","position":2,"name":"home"}]},{"@type":"WebSite","@id":"https:\/\/www.colortech.biz\/it\/#website","url":"https:\/\/www.colortech.biz\/it\/","name":"Colortech","description":"Produzione Compounds Materie Plastiche Masterbatches","potentialAction":[{"@type":"SearchAction","target":{"@type":"EntryPoint","urlTemplate":"https:\/\/www.colortech.biz\/it\/?s={search_term_string}"},"query-input":{"@type":"PropertyValueSpecification","valueRequired":true,"valueName":"search_term_string"}}],"inLanguage":"it-IT"}]}},"_links":{"self":[{"href":"https:\/\/www.colortech.biz\/it\/wp-json\/wp\/v2\/pages\/8","targetHints":{"allow":["GET"]}}],"collection":[{"href":"https:\/\/www.colortech.biz\/it\/wp-json\/wp\/v2\/pages"}],"about":[{"href":"https:\/\/www.colortech.biz\/it\/wp-json\/wp\/v2\/types\/page"}],"author":[{"embeddable":true,"href":"https:\/\/www.colortech.biz\/it\/wp-json\/wp\/v2\/users\/1"}],"replies":[{"embeddable":true,"href":"https:\/\/www.colortech.biz\/it\/wp-json\/wp\/v2\/comments?post=8"}],"version-history":[{"count":57,"href":"https:\/\/www.colortech.biz\/it\/wp-json\/wp\/v2\/pages\/8\/revisions"}],"predecessor-version":[{"id":1252,"href":"https:\/\/www.colortech.biz\/it\/wp-json\/wp\/v2\/pages\/8\/revisions\/1252"}],"wp:attachment":[{"href":"https:\/\/www.colortech.biz\/it\/wp-json\/wp\/v2\/media?parent=8"}],"curies":[{"name":"wp","href":"https:\/\/api.w.org\/{rel}","templated":true}]}}